{"id":1097,"date":"2024-05-22T10:56:23","date_gmt":"2024-05-22T10:56:23","guid":{"rendered":"https:\/\/www.konnected.ca\/es\/?page_id=1097"},"modified":"2024-06-03T15:04:48","modified_gmt":"2024-06-03T15:04:48","slug":"research-and-development","status":"publish","type":"page","link":"https:\/\/www.konnected.ca\/es\/research-and-development\/","title":{"rendered":"Research and Development"},"content":{"rendered":"<p>[et_pb_section fb_built=\u00bb1&#8243; admin_label=\u00bbsection\u00bb _builder_version=\u00bb4.16&#8243; global_colors_info=\u00bb{}\u00bb][et_pb_row column_structure=\u00bb1_2,1_2&#8243; admin_label=\u00bbrow\u00bb _builder_version=\u00bb4.25.1&#8243; background_size=\u00bbinitial\u00bb background_position=\u00bbtop_left\u00bb background_repeat=\u00bbrepeat\u00bb global_colors_info=\u00bb{}\u00bb][et_pb_column type=\u00bb1_2&#8243; _builder_version=\u00bb4.25.1&#8243; custom_padding=\u00bb|||\u00bb global_colors_info=\u00bb{}\u00bb custom_padding__hover=\u00bb|||\u00bb][et_pb_text admin_label=\u00bbText\u00bb _builder_version=\u00bb4.25.1&#8243; header_font=\u00bb|700|||||||\u00bb header_text_color=\u00bbgcid-primary-color\u00bb header_font_size=\u00bb50px\u00bb background_size=\u00bbinitial\u00bb background_position=\u00bbtop_left\u00bb background_repeat=\u00bbrepeat\u00bb animation_style=\u00bbbounce\u00bb animation_direction=\u00bbleft\u00bb scroll_vertical_motion=\u00bb0|50|50|100|0|0|3&#8243; scroll_horizontal_motion=\u00bb0|31|31|100|4|0|-5&#8243; global_colors_info=\u00bb{%22gcid-primary-color%22:%91%22header_text_color%22%93}\u00bb]<\/p>\n<h1><strong>Creemos Juntos un Cambio Significativo<\/strong><\/h1>\n<p>&nbsp;<\/p>\n<p>Konnected se esfuerza por ayudar a las organizaciones a implantar programas de wellness centrados en las personas a trav\u00e9s de la investigaci\u00f3n aplicada y la innovaci\u00f3n.<\/p>\n<p>Dirigidos por el Dr. Matias Golob, nuestra investigaci\u00f3n y desarrollo abarca proyectos con clientes de todos los tama\u00f1os, implicando a los empleados para que se junten y participen en el dise\u00f1o, la implementaci\u00f3n y la evaluaci\u00f3n de iniciativas innovadoras.<\/p>\n<p>&nbsp;<\/p>\n<p>[\/et_pb_text][et_pb_button button_url=\u00bb#contactus\u00bb button_text=\u00bbHabla con nosotros\u00bb _builder_version=\u00bb4.25.1&#8243; _module_preset=\u00bbdefault\u00bb custom_button=\u00bbon\u00bb button_text_size=\u00bb20px\u00bb button_text_color=\u00bb#FFFFFF\u00bb button_bg_color=\u00bbgcid-primary-color\u00bb button_border_color=\u00bbgcid-primary-color\u00bb button_border_radius=\u00bb40px\u00bb button_font=\u00bb|700|||||||\u00bb animation_style=\u00bbbounce\u00bb animation_direction=\u00bbleft\u00bb button_text_color_tablet=\u00bb#FFFFFF\u00bb button_text_color_phone=\u00bb#FFFFFF\u00bb button_text_color_last_edited=\u00bbon|desktop\u00bb button_bg_color_last_edited=\u00bboff|desktop\u00bb global_colors_info=\u00bb{%22gcid-primary-color%22:%91%22button_border_color%22,%22button_text_color__hover%22,%22button_bg_color%22%93}\u00bb button_bg_color__hover_enabled=\u00bbon|hover\u00bb button_text_color__hover_enabled=\u00bbon|desktop\u00bb button_text_color__hover=\u00bb#04b183&#8243; button_bg_color__hover=\u00bb\u00bb button_bg_enable_color__hover=\u00bboff\u00bb][\/et_pb_button][\/et_pb_column][et_pb_column type=\u00bb1_2&#8243; _builder_version=\u00bb4.25.1&#8243; custom_padding=\u00bb|||\u00bb border_radii=\u00bbon|15px|15px|15px|15px\u00bb global_colors_info=\u00bb{}\u00bb custom_padding__hover=\u00bb|||\u00bb][et_pb_gallery gallery_ids=\u00bb1218&#8243; fullwidth=\u00bbon\u00bb _builder_version=\u00bb4.25.1&#8243; _module_preset=\u00bbdefault\u00bb animation_style=\u00bbbounce\u00bb animation_direction=\u00bbright\u00bb global_colors_info=\u00bb{}\u00bb][\/et_pb_gallery][\/et_pb_column][\/et_pb_row][\/et_pb_section][et_pb_section fb_built=\u00bb1&#8243; admin_label=\u00bbsection\u00bb _builder_version=\u00bb4.16&#8243; global_colors_info=\u00bb{}\u00bb][et_pb_row column_structure=\u00bb1_2,1_2&#8243; admin_label=\u00bbrow\u00bb _builder_version=\u00bb4.25.1&#8243; background_size=\u00bbinitial\u00bb background_position=\u00bbtop_left\u00bb background_repeat=\u00bbrepeat\u00bb global_colors_info=\u00bb{}\u00bb][et_pb_column type=\u00bb1_2&#8243; _builder_version=\u00bb4.25.1&#8243; custom_padding=\u00bb|||\u00bb border_radii=\u00bbon|15px|15px|15px|15px\u00bb global_colors_info=\u00bb{}\u00bb custom_padding__hover=\u00bb|||\u00bb][et_pb_gallery gallery_ids=\u00bb1219&#8243; fullwidth=\u00bbon\u00bb _builder_version=\u00bb4.25.1&#8243; _module_preset=\u00bbdefault\u00bb animation_style=\u00bbbounce\u00bb animation_direction=\u00bbleft\u00bb global_colors_info=\u00bb{}\u00bb][\/et_pb_gallery][\/et_pb_column][et_pb_column type=\u00bb1_2&#8243; _builder_version=\u00bb4.25.1&#8243; custom_padding=\u00bb|||\u00bb global_colors_info=\u00bb{}\u00bb custom_padding__hover=\u00bb|||\u00bb][et_pb_text admin_label=\u00bbText\u00bb _builder_version=\u00bb4.25.1&#8243; header_font=\u00bb|700|||||||\u00bb header_text_color=\u00bbgcid-primary-color\u00bb header_font_size=\u00bb50px\u00bb background_size=\u00bbinitial\u00bb background_position=\u00bbtop_left\u00bb background_repeat=\u00bbrepeat\u00bb animation_style=\u00bbbounce\u00bb animation_direction=\u00bbright\u00bb scroll_vertical_motion=\u00bb0|50|50|100|0|0|3&#8243; scroll_horizontal_motion=\u00bb0|31|31|100|4|0|-5&#8243; global_colors_info=\u00bb{%22gcid-primary-color%22:%91%22header_text_color%22%93}\u00bb]<\/p>\n<h1><strong>Gesti\u00f3n de la Plataforma Wellness<br \/><\/strong><\/h1>\n<p>&nbsp;<\/p>\n<p>Sabemos que la gesti\u00f3n de la tecnolog\u00eda suele ser un reto para los gestores de programas de wellness de las empresas. Aunque su organizaci\u00f3n cuente con administradores cualificados, es posible que desee que su equipo se centre en otros proyectos inform\u00e1ticos prioritarios. Nuestros servicios est\u00e1n destinados a liberar a su equipo de la mayor parte, si no de todo, el trabajo relativo a la administraci\u00f3n de la plataforma de wellness.<\/p>\n<p>Ayudamos a los clientes con las tareas de gesti\u00f3n del d\u00eda a d\u00eda, incluida la gesti\u00f3n de las solicitudes de los miembros y la asistencia t\u00e9cnica, la gesti\u00f3n de los datos de los miembros y los requisitos de elaboraci\u00f3n de informes, la creaci\u00f3n de campa\u00f1as y comunicaciones atractivas, la actualizaci\u00f3n de los contenidos y recursos did\u00e1cticos, la configuraci\u00f3n de herramientas y funciones, y la ejecuci\u00f3n y evaluaci\u00f3n de iniciativas.<\/p>\n<p>Adem\u00e1s de nuestra oferta est\u00e1ndar, ofrecemos soluciones adaptadas a las necesidades del cliente. Estas propuestas incluyen una variedad de productos\/herramientas de desarrollo propio para mejorar la experiencia del usuario.<\/p>\n<p>[\/et_pb_text][\/et_pb_column][\/et_pb_row][\/et_pb_section][et_pb_section fb_built=\u00bb1&#8243; module_id=\u00bbcontactus\u00bb _builder_version=\u00bb4.25.1&#8243; _module_preset=\u00bbdefault\u00bb global_colors_info=\u00bb{}\u00bb][et_pb_row _builder_version=\u00bb4.16&#8243; _module_preset=\u00bbdefault\u00bb custom_padding=\u00bb0px||0px||false|false\u00bb border_radii=\u00bbon|20px|20px|20px|20px\u00bb global_colors_info=\u00bb{}\u00bb][et_pb_column type=\u00bb4_4&#8243; _builder_version=\u00bb4.16&#8243; _module_preset=\u00bbdefault\u00bb global_colors_info=\u00bb{}\u00bb][et_pb_text _builder_version=\u00bb4.25.1&#8243; _module_preset=\u00bbdefault\u00bb header_font=\u00bb|700|||||||\u00bb header_text_color=\u00bbgcid-primary-color\u00bb header_font_size=\u00bb50px\u00bb global_colors_info=\u00bb{%22gcid-primary-color%22:%91%22header_text_color%22%93}\u00bb]<\/p>\n<h1 style=\"text-align: center;\">Hablemos<\/h1>\n<p>Solicita hablar con nuestros expertos. Rellena el siguiente formulario y uno de nuestros expertos en salud y bienestar se pondr\u00e1 en contacto contigo en breve. Tus datos son necesarios para que podamos ponerte en contacto con la persona adecuada.<\/p>\n<p>[\/et_pb_text][et_pb_contact_form email=\u00bbmgolob@konnected.ca\u00bb title=\u00bbFormulario de contacto\u00bb custom_message=\u00bbYou have a message from the Konnected website contact form:||et_pb_line_break_holder||||et_pb_line_break_holder||From: %%FirstName%% %%LastName%%||et_pb_line_break_holder||Email: %%Email%%||et_pb_line_break_holder||Company: %%Company%%||et_pb_line_break_holder||Job Title: %%JobTitle%%||et_pb_line_break_holder||Country: %%Country%%||et_pb_line_break_holder||||et_pb_line_break_holder||Number of Employees: %%NumberEmployees%%||et_pb_line_break_holder||||et_pb_line_break_holder||Employee well-being responsible: %%Responsible%%||et_pb_line_break_holder||||et_pb_line_break_holder||Interested in: %%Interested%%||et_pb_line_break_holder||||et_pb_line_break_holder||||et_pb_line_break_holder||And added the next message: %%Message%%||et_pb_line_break_holder||||et_pb_line_break_holder||||et_pb_line_break_holder||Please contact her\/him asap ;)||et_pb_line_break_holder||||et_pb_line_break_holder||||et_pb_line_break_holder||Greetings!\u00bb success_message=\u00bbGracias por contactar con nosotros. En breve nos pondremos en contacto contigo.\u00bb submit_button_text=\u00bbEnviar\u00bb _builder_version=\u00bb4.25.1&#8243; _module_preset=\u00bbdefault\u00bb _unique_id=\u00bb2783ffb8-f17f-45ab-bfd5-0af5ae69bab7&#8243; background_color=\u00bb#ffffff\u00bb custom_button=\u00bbon\u00bb button_text_size=\u00bb20px\u00bb button_text_color=\u00bb#ffffff\u00bb button_bg_color=\u00bb#04b183&#8243; button_border_width=\u00bb0px\u00bb button_border_radius=\u00bb50px\u00bb button_font=\u00bb|700|||||||\u00bb button_use_icon=\u00bboff\u00bb button_custom_margin=\u00bb||||false|false\u00bb button_custom_padding=\u00bb|40px||40px|false|true\u00bb custom_margin=\u00bb||||false|false\u00bb custom_padding=\u00bb30px|20px|30px|20px|true|true\u00bb border_radii=\u00bbon|6px|6px|6px|6px\u00bb box_shadow_style_button=\u00bbpreset3&#8243; global_colors_info=\u00bb{}\u00bb][et_pb_contact_field field_id=\u00bbFirstName\u00bb field_title=\u00bbNombre *\u00bb _builder_version=\u00bb4.25.1&#8243; global_colors_info=\u00bb{}\u00bb button_text_size__hover_enabled=\u00bboff\u00bb button_one_text_size__hover_enabled=\u00bboff\u00bb button_two_text_size__hover_enabled=\u00bboff\u00bb button_text_color__hover_enabled=\u00bboff\u00bb button_one_text_color__hover_enabled=\u00bboff\u00bb button_two_text_color__hover_enabled=\u00bboff\u00bb button_border_width__hover_enabled=\u00bboff\u00bb button_one_border_width__hover_enabled=\u00bboff\u00bb button_two_border_width__hover_enabled=\u00bboff\u00bb button_border_color__hover_enabled=\u00bboff\u00bb button_one_border_color__hover_enabled=\u00bboff\u00bb button_two_border_color__hover_enabled=\u00bboff\u00bb button_border_radius__hover_enabled=\u00bboff\u00bb button_one_border_radius__hover_enabled=\u00bboff\u00bb button_two_border_radius__hover_enabled=\u00bboff\u00bb button_letter_spacing__hover_enabled=\u00bboff\u00bb button_one_letter_spacing__hover_enabled=\u00bboff\u00bb button_two_letter_spacing__hover_enabled=\u00bboff\u00bb button_bg_color__hover_enabled=\u00bboff\u00bb button_one_bg_color__hover_enabled=\u00bboff\u00bb button_two_bg_color__hover_enabled=\u00bboff\u00bb][\/et_pb_contact_field][et_pb_contact_field field_id=\u00bbLastName\u00bb field_title=\u00bbApellido *\u00bb _builder_version=\u00bb4.25.1&#8243; global_colors_info=\u00bb{}\u00bb button_text_size__hover_enabled=\u00bboff\u00bb button_one_text_size__hover_enabled=\u00bboff\u00bb button_two_text_size__hover_enabled=\u00bboff\u00bb button_text_color__hover_enabled=\u00bboff\u00bb button_one_text_color__hover_enabled=\u00bboff\u00bb button_two_text_color__hover_enabled=\u00bboff\u00bb button_border_width__hover_enabled=\u00bboff\u00bb button_one_border_width__hover_enabled=\u00bboff\u00bb button_two_border_width__hover_enabled=\u00bboff\u00bb button_border_color__hover_enabled=\u00bboff\u00bb button_one_border_color__hover_enabled=\u00bboff\u00bb button_two_border_color__hover_enabled=\u00bboff\u00bb button_border_radius__hover_enabled=\u00bboff\u00bb button_one_border_radius__hover_enabled=\u00bboff\u00bb button_two_border_radius__hover_enabled=\u00bboff\u00bb button_letter_spacing__hover_enabled=\u00bboff\u00bb button_one_letter_spacing__hover_enabled=\u00bboff\u00bb button_two_letter_spacing__hover_enabled=\u00bboff\u00bb button_bg_color__hover_enabled=\u00bboff\u00bb button_one_bg_color__hover_enabled=\u00bboff\u00bb button_two_bg_color__hover_enabled=\u00bboff\u00bb][\/et_pb_contact_field][et_pb_contact_field field_id=\u00bbCompany\u00bb field_title=\u00bbCompa\u00f1\u00eda *\u00bb _builder_version=\u00bb4.25.1&#8243; global_colors_info=\u00bb{}\u00bb button_text_size__hover_enabled=\u00bboff\u00bb button_one_text_size__hover_enabled=\u00bboff\u00bb button_two_text_size__hover_enabled=\u00bboff\u00bb button_text_color__hover_enabled=\u00bboff\u00bb button_one_text_color__hover_enabled=\u00bboff\u00bb button_two_text_color__hover_enabled=\u00bboff\u00bb button_border_width__hover_enabled=\u00bboff\u00bb button_one_border_width__hover_enabled=\u00bboff\u00bb button_two_border_width__hover_enabled=\u00bboff\u00bb button_border_color__hover_enabled=\u00bboff\u00bb button_one_border_color__hover_enabled=\u00bboff\u00bb button_two_border_color__hover_enabled=\u00bboff\u00bb button_border_radius__hover_enabled=\u00bboff\u00bb button_one_border_radius__hover_enabled=\u00bboff\u00bb button_two_border_radius__hover_enabled=\u00bboff\u00bb button_letter_spacing__hover_enabled=\u00bboff\u00bb button_one_letter_spacing__hover_enabled=\u00bboff\u00bb button_two_letter_spacing__hover_enabled=\u00bboff\u00bb button_bg_color__hover_enabled=\u00bboff\u00bb button_one_bg_color__hover_enabled=\u00bboff\u00bb button_two_bg_color__hover_enabled=\u00bboff\u00bb][\/et_pb_contact_field][et_pb_contact_field field_id=\u00bbJobTitle\u00bb field_title=\u00bbPuesto *\u00bb _builder_version=\u00bb4.25.1&#8243; global_colors_info=\u00bb{}\u00bb button_text_size__hover_enabled=\u00bboff\u00bb button_one_text_size__hover_enabled=\u00bboff\u00bb button_two_text_size__hover_enabled=\u00bboff\u00bb button_text_color__hover_enabled=\u00bboff\u00bb button_one_text_color__hover_enabled=\u00bboff\u00bb button_two_text_color__hover_enabled=\u00bboff\u00bb button_border_width__hover_enabled=\u00bboff\u00bb button_one_border_width__hover_enabled=\u00bboff\u00bb button_two_border_width__hover_enabled=\u00bboff\u00bb button_border_color__hover_enabled=\u00bboff\u00bb button_one_border_color__hover_enabled=\u00bboff\u00bb button_two_border_color__hover_enabled=\u00bboff\u00bb button_border_radius__hover_enabled=\u00bboff\u00bb button_one_border_radius__hover_enabled=\u00bboff\u00bb button_two_border_radius__hover_enabled=\u00bboff\u00bb button_letter_spacing__hover_enabled=\u00bboff\u00bb button_one_letter_spacing__hover_enabled=\u00bboff\u00bb button_two_letter_spacing__hover_enabled=\u00bboff\u00bb button_bg_color__hover_enabled=\u00bboff\u00bb button_one_bg_color__hover_enabled=\u00bboff\u00bb button_two_bg_color__hover_enabled=\u00bboff\u00bb][\/et_pb_contact_field][et_pb_contact_field field_id=\u00bbCountry\u00bb field_title=\u00bbPa\u00eds *\u00bb _builder_version=\u00bb4.25.1&#8243; global_colors_info=\u00bb{}\u00bb button_text_size__hover_enabled=\u00bboff\u00bb button_one_text_size__hover_enabled=\u00bboff\u00bb button_two_text_size__hover_enabled=\u00bboff\u00bb button_text_color__hover_enabled=\u00bboff\u00bb button_one_text_color__hover_enabled=\u00bboff\u00bb button_two_text_color__hover_enabled=\u00bboff\u00bb button_border_width__hover_enabled=\u00bboff\u00bb button_one_border_width__hover_enabled=\u00bboff\u00bb button_two_border_width__hover_enabled=\u00bboff\u00bb button_border_color__hover_enabled=\u00bboff\u00bb button_one_border_color__hover_enabled=\u00bboff\u00bb button_two_border_color__hover_enabled=\u00bboff\u00bb button_border_radius__hover_enabled=\u00bboff\u00bb button_one_border_radius__hover_enabled=\u00bboff\u00bb button_two_border_radius__hover_enabled=\u00bboff\u00bb button_letter_spacing__hover_enabled=\u00bboff\u00bb button_one_letter_spacing__hover_enabled=\u00bboff\u00bb button_two_letter_spacing__hover_enabled=\u00bboff\u00bb button_bg_color__hover_enabled=\u00bboff\u00bb button_one_bg_color__hover_enabled=\u00bboff\u00bb button_two_bg_color__hover_enabled=\u00bboff\u00bb][\/et_pb_contact_field][et_pb_contact_field field_id=\u00bbEmail\u00bb field_title=\u00bbDirecci\u00f3n email *\u00bb field_type=\u00bbemail\u00bb _builder_version=\u00bb4.25.1&#8243; global_colors_info=\u00bb{}\u00bb button_text_size__hover_enabled=\u00bboff\u00bb button_one_text_size__hover_enabled=\u00bboff\u00bb button_two_text_size__hover_enabled=\u00bboff\u00bb button_text_color__hover_enabled=\u00bboff\u00bb button_one_text_color__hover_enabled=\u00bboff\u00bb button_two_text_color__hover_enabled=\u00bboff\u00bb button_border_width__hover_enabled=\u00bboff\u00bb button_one_border_width__hover_enabled=\u00bboff\u00bb button_two_border_width__hover_enabled=\u00bboff\u00bb button_border_color__hover_enabled=\u00bboff\u00bb button_one_border_color__hover_enabled=\u00bboff\u00bb button_two_border_color__hover_enabled=\u00bboff\u00bb button_border_radius__hover_enabled=\u00bboff\u00bb button_one_border_radius__hover_enabled=\u00bboff\u00bb button_two_border_radius__hover_enabled=\u00bboff\u00bb button_letter_spacing__hover_enabled=\u00bboff\u00bb button_one_letter_spacing__hover_enabled=\u00bboff\u00bb button_two_letter_spacing__hover_enabled=\u00bboff\u00bb button_bg_color__hover_enabled=\u00bboff\u00bb button_one_bg_color__hover_enabled=\u00bboff\u00bb button_two_bg_color__hover_enabled=\u00bboff\u00bb][\/et_pb_contact_field][et_pb_contact_field field_id=\u00bbNumberEmployees\u00bb field_title=\u00bbN\u00famero de empleados\u00bb field_type=\u00bbselect\u00bb select_options=\u00bb%91{%22value%22:%221 &#8211; 99%22,%22checked%22:0,%22dragID%22:-1},{%22value%22:%22100 &#8211; 499%22,%22checked%22:0,%22dragID%22:0},{%22value%22:%22500 &#8211; 1,499%22,%22checked%22:0,%22dragID%22:1},{%22value%22:%221,500 &#8211; 4,999%22,%22checked%22:0,%22dragID%22:2},{%22value%22:%225,000 &#8211; 9,999%22,%22checked%22:0,%22dragID%22:3},{%22value%22:%2210,000 &#8211; 19,999%22,%22checked%22:0,%22dragID%22:4},{%22value%22:%2220,000+%22,%22checked%22:0,%22dragID%22:5}%93&#8243; required_mark=\u00bboff\u00bb _builder_version=\u00bb4.25.1&#8243; _module_preset=\u00bbdefault\u00bb global_colors_info=\u00bb{}\u00bb][\/et_pb_contact_field][et_pb_contact_field field_id=\u00bbResponsible\u00bb field_title=\u00bb\u00bfQui\u00e9n es el responsable de impulsar las iniciativas de bienestar de los empleados en tu empresa?\u00bb field_type=\u00bbselect\u00bb select_options=\u00bb%91{%22value%22:%22Owner%22,%22checked%22:0,%22dragID%22:-1},{%22value%22:%22Board of Directors%22,%22checked%22:0,%22dragID%22:0},{%22value%22:%22Human Resource Department%22,%22checked%22:0,%22dragID%22:1},{%22value%22:%22Employees%22,%22checked%22:0,%22dragID%22:2},{%22value%22:%22Other%22,%22checked%22:0,%22dragID%22:3}%93&#8243; required_mark=\u00bboff\u00bb _builder_version=\u00bb4.25.1&#8243; _module_preset=\u00bbdefault\u00bb global_colors_info=\u00bb{}\u00bb][\/et_pb_contact_field][et_pb_contact_field field_id=\u00bbInterested\u00bb field_title=\u00bbLo que m\u00e1s me interesa:\u00bb field_type=\u00bbselect\u00bb select_options=\u00bb%91{%22value%22:%22Tecnolog\u00eda del bienestar%22,%22checked%22:0,%22dragID%22:-1},{%22value%22:%22Evaluaciones de salud basadas en pruebas cient\u00edficas%22,%22checked%22:0,%22dragID%22:0},{%22value%22:%22Desaf\u00edos basados en la investigaci\u00f3n%22,%22checked%22:0,%22dragID%22:1},{%22value%22:%22Programas de Coaching%22,%22checked%22:0,%22dragID%22:2},{%22value%22:%22Programas de conexi\u00f3n social%22,%22checked%22:0,%22dragID%22:3},{%22value%22:%22Programas de inclusi\u00f3n y diversidad%22,%22checked%22:0,%22dragID%22:4},{%22value%22:%22Programas de voluntariado y solidaridad%22,%22checked%22:0,%22dragID%22:5},{%22value%22:%22\u00a1Lo quiero todo!%22,%22checked%22:0,%22dragID%22:6},{%22value%22:%22No estoy seguro\u2026%22,%22checked%22:0,%22dragID%22:7}%93&#8243; required_mark=\u00bboff\u00bb _builder_version=\u00bb4.25.1&#8243; _module_preset=\u00bbdefault\u00bb global_colors_info=\u00bb{}\u00bb][\/et_pb_contact_field][et_pb_contact_field field_id=\u00bbMessage\u00bb field_title=\u00bbPreguntas o comentarios adicionales\u00bb field_type=\u00bbtext\u00bb required_mark=\u00bboff\u00bb fullwidth_field=\u00bbon\u00bb _builder_version=\u00bb4.25.1&#8243; global_colors_info=\u00bb{}\u00bb button_text_size__hover_enabled=\u00bboff\u00bb button_one_text_size__hover_enabled=\u00bboff\u00bb button_two_text_size__hover_enabled=\u00bboff\u00bb button_text_color__hover_enabled=\u00bboff\u00bb button_one_text_color__hover_enabled=\u00bboff\u00bb button_two_text_color__hover_enabled=\u00bboff\u00bb button_border_width__hover_enabled=\u00bboff\u00bb button_one_border_width__hover_enabled=\u00bboff\u00bb button_two_border_width__hover_enabled=\u00bboff\u00bb button_border_color__hover_enabled=\u00bboff\u00bb button_one_border_color__hover_enabled=\u00bboff\u00bb button_two_border_color__hover_enabled=\u00bboff\u00bb button_border_radius__hover_enabled=\u00bboff\u00bb button_one_border_radius__hover_enabled=\u00bboff\u00bb button_two_border_radius__hover_enabled=\u00bboff\u00bb button_letter_spacing__hover_enabled=\u00bboff\u00bb button_one_letter_spacing__hover_enabled=\u00bboff\u00bb button_two_letter_spacing__hover_enabled=\u00bboff\u00bb button_bg_color__hover_enabled=\u00bboff\u00bb button_one_bg_color__hover_enabled=\u00bboff\u00bb button_two_bg_color__hover_enabled=\u00bboff\u00bb][\/et_pb_contact_field][\/et_pb_contact_form][\/et_pb_column][\/et_pb_row][\/et_pb_section]<\/p>\n","protected":false},"excerpt":{"rendered":"<p>Creemos Juntos un Cambio Significativo &nbsp; Konnected se esfuerza por ayudar a las organizaciones a implantar programas de wellness centrados en las personas a trav\u00e9s de la investigaci\u00f3n aplicada y la innovaci\u00f3n. Dirigidos por el Dr. Matias Golob, nuestra investigaci\u00f3n y desarrollo abarca proyectos con clientes de todos los tama\u00f1os, implicando a los empleados para [&hellip;]<\/p>\n","protected":false},"author":1,"featured_media":0,"parent":0,"menu_order":0,"comment_status":"closed","ping_status":"closed","template":"","meta":{"_et_pb_use_builder":"on","_et_pb_old_content":"<!-- wp:divi\/placeholder \/-->","_et_gb_content_width":"","footnotes":""},"class_list":["post-1097","page","type-page","status-publish","hentry"],"_links":{"self":[{"href":"https:\/\/www.konnected.ca\/es\/wp-json\/wp\/v2\/pages\/1097","targetHints":{"allow":["GET"]}}],"collection":[{"href":"https:\/\/www.konnected.ca\/es\/wp-json\/wp\/v2\/pages"}],"about":[{"href":"https:\/\/www.konnected.ca\/es\/wp-json\/wp\/v2\/types\/page"}],"author":[{"embeddable":true,"href":"https:\/\/www.konnected.ca\/es\/wp-json\/wp\/v2\/users\/1"}],"replies":[{"embeddable":true,"href":"https:\/\/www.konnected.ca\/es\/wp-json\/wp\/v2\/comments?post=1097"}],"version-history":[{"count":10,"href":"https:\/\/www.konnected.ca\/es\/wp-json\/wp\/v2\/pages\/1097\/revisions"}],"predecessor-version":[{"id":1364,"href":"https:\/\/www.konnected.ca\/es\/wp-json\/wp\/v2\/pages\/1097\/revisions\/1364"}],"wp:attachment":[{"href":"https:\/\/www.konnected.ca\/es\/wp-json\/wp\/v2\/media?parent=1097"}],"curies":[{"name":"wp","href":"https:\/\/api.w.org\/{rel}","templated":true}]}}